{"id":119,"date":"2026-04-29T11:38:49","date_gmt":"2026-04-29T09:38:49","guid":{"rendered":"https:\/\/centralsolarchibuto.co.mz\/?page_id=119"},"modified":"2026-04-30T12:05:43","modified_gmt":"2026-04-30T10:05:43","slug":"contactos","status":"publish","type":"page","link":"https:\/\/centralsolarchibuto.co.mz\/en\/contactos\/","title":{"rendered":"Contactos"},"content":{"rendered":"<section class=\"bde-section-119-100 bde-section\">\n              \n  \n  \n\t\n\n  <div class=\"section-background-overlay\"><\/div>\n\n\n<div class=\"section-container\"><h2 class=\"bde-heading-119-101 bde-heading\">\nContactos\n<\/h2><div class=\"bde-breadcrumbs-119-102 bde-breadcrumbs\"><nav aria-label=\"breadcrumbs\" class=\"rank-math-breadcrumb\"><p><span class=\"last\">CSC<\/span><\/p><\/nav><\/div><\/div>\n<\/section><section class=\"bde-section-119-114 bde-section\">\n  \n  \n\t\n\n\n\n<div class=\"section-container\"><div class=\"bde-columns-119-115 bde-columns\"><div class=\"bde-column-119-116 bde-column\">\n  \n  \n\t\n\n\n\n<img decoding=\"async\" class=\"bde-image2-119-118 bde-image2\" src=\"https:\/\/centralsolarchibuto.co.mz\/wp-content\/uploads\/2026\/03\/csc-icon.svg\" loading=\"lazy\" sizes=\"(max-width: 100px) 100vw, 100px\" data-parallax=\"true\">\n<\/div><div class=\"bde-column-119-117 bde-column\">\n  \n  \n\t\n\n\n\n<h3 class=\"bde-heading-119-110 bde-heading\">\nEntre em Contacto\n<\/h3><p class=\"bde-text-119-111 bde-text\">\nQuer saber mais sobre o Projecto da Central Solar de Chibuto ou firmar uma parceria estrat\u00e9gica? Preencha o formul\u00e1rio ou contactos atrav\u00e9s dos nossos pontos de contacto abaixo.\n<\/p><div class=\"bde-form-builder-119-133 bde-form-builder\">\n\n<form id=\"contact133\" class=\"breakdance-form breakdance-form--vertical\" data-options=\"{&quot;slug&quot;:&quot;custom&quot;,&quot;name&quot;:&quot;Contact&quot;,&quot;ajaxUrl&quot;:&quot;https:\\\/\\\/centralsolarchibuto.co.mz\\\/wp-admin\\\/admin-ajax.php&quot;,&quot;clearOnSuccess&quot;:true,&quot;hideOnSuccess&quot;:false,&quot;successMessage&quot;:&quot;A sua mensagem foi enviada com sucesso. Obrigado!&quot;,&quot;errorMessage&quot;:&quot;Algo correu mal. Por favor, tente novamente!&quot;,&quot;redirect&quot;:false,&quot;redirectUrl&quot;:&quot;&quot;,&quot;customJavaScript&quot;:&quot;&quot;,&quot;recaptcha&quot;:{&quot;key&quot;:&quot;&quot;,&quot;enabled&quot;:false},&quot;honeypot_enabled&quot;:false,&quot;popupsOnSuccess&quot;:[],&quot;popupsOnError&quot;:[]}\" data-steps=\"0\" >\n  \n  \n  \n<div class=\"breakdance-form-field breakdance-form-field--text breakdance-form-field__hide-label\" >\n    \n    \n            <label class=\"breakdance-form-field__label\" for=\"name\">\n            Name<span class=\"breakdance-form-field__required\">*<\/span>\n        <\/label>\n    \n    <input\n    class=\"breakdance-form-field__input\"\n    id=\"name\"\n    aria-describedby=\"name\"\n    type=\"text\"\n    name=\"fields[name]\"\n    placeholder=\"Nome\"\n    value=\"\"\n                \n        \n        \n    required\n    \n    \n    \n    \n    \n>\n\n\n    \n    \n<\/div>\n\n\n<div class=\"breakdance-form-field breakdance-form-field--email breakdance-form-field__hide-label\" >\n    \n    \n            <label class=\"breakdance-form-field__label\" for=\"email\">\n            E-mail<span class=\"breakdance-form-field__required\">*<\/span>\n        <\/label>\n    \n    <input\n    class=\"breakdance-form-field__input\"\n    id=\"email\"\n    aria-describedby=\"email\"\n    type=\"email\"\n    name=\"fields[email]\"\n    placeholder=\"E-mail\"\n    value=\"\"\n                \n        \n        \n    required\n    \n    \n    \n    \n    \n>\n\n\n    \n    \n<\/div>\n\n\n<div class=\"breakdance-form-field breakdance-form-field--tel breakdance-form-field__hide-label\" >\n    \n    \n            <label class=\"breakdance-form-field__label\" for=\"phone\">\n            Telefone\n        <\/label>\n    \n    <input\n    class=\"breakdance-form-field__input\"\n    id=\"phone\"\n    aria-describedby=\"phone\"\n    type=\"tel\"\n    name=\"fields[phone]\"\n    placeholder=\"Telefone\"\n    value=\"\"\n                \n        \n        \n    \n    \n    \n    \n    \n    \n>\n\n\n    \n    \n<\/div>\n\n\n<div class=\"breakdance-form-field breakdance-form-field--textarea breakdance-form-field__hide-label\" >\n    \n    \n            <label class=\"breakdance-form-field__label\" for=\"message\">\n            Mensagem<span class=\"breakdance-form-field__required\">*<\/span>\n        <\/label>\n    \n    <textarea\n    class=\"breakdance-form-field__input\"\n    id=\"message\"\n    aria-describedby=\"message\"\n    type=\"textarea\"\n    name=\"fields[message]\"\n        placeholder=\"Mensagem\"\n    required\n    \n    \n    >\n<\/textarea>\n\n\n    \n    \n<\/div><div class=\"breakdance-form-field breakdance-form-footer\">    \n    \n    \n    \n    \n            \n            <button type=\"submit\" class=\"button-atom button-atom--primary breakdance-form-button breakdance-form-button__submit\"  >\n    \n        <span class=\"button-atom__text\">Enviar mensagem<\/span>\n\n        \n        \n            <\/button>\n    \n    <input type=\"hidden\" name=\"form_id\" value=\"133\">\n    <input type=\"hidden\" name=\"post_id\" value=\"119\">\n<\/div>\n\n  \n<\/form>\n\n\n<\/div>\n<\/div><\/div><\/div>\n<\/section><section class=\"bde-section-119-128 bde-section\">\n  \n  \n\t\n\n\n\n<div class=\"section-container\"><div class=\"bde-icon-box-119-120 bde-icon-box\">\n\n    \n            <div class=\"ee-iconbox-icon breakdance-icon-atom\" >\n    \n                    <svg xmlns=\"http:\/\/www.w3.org\/2000\/svg\" viewBox=\"0 0 640 640\"><!--! Font Awesome Pro 7.2.0 by @fontawesome - https:\/\/fontawesome.com License - https:\/\/fontawesome.com\/license (Commercial License) Copyright 2026 Fonticons, Inc. --><path fill=\"currentColor\" d=\"M576 112C576 100.9 570.3 90.6 560.8 84.8C551.3 79 539.6 78.4 529.7 83.4L413.5 141.5L234.1 81.6C226 78.9 217.3 79.5 209.7 83.3L81.7 147.3C70.8 152.8 64 163.9 64 176L64 528C64 539.1 69.7 549.4 79.2 555.2C88.7 561 100.4 561.6 110.3 556.6L226.4 498.5L399.7 556.3C395.4 549.9 391.2 543.2 387.1 536.4C376.1 518.1 365.2 497.1 357.1 474.6L255.9 440.9L255.9 156.4L383.9 199.1L383.9 298.4C414.9 262.6 460.9 240 511.9 240C534.5 240 556.1 244.4 575.9 252.5L576 112zM512 288C445.7 288 392 340.8 392 405.9C392 474.8 456.1 556.3 490.6 595.2C502.2 608.2 521.9 608.2 533.5 595.2C568 556.3 632.1 474.8 632.1 405.9C632.1 340.8 578.4 288 512.1 288zM472 408C472 385.9 489.9 368 512 368C534.1 368 552 385.9 552 408C552 430.1 534.1 448 512 448C489.9 448 472 430.1 472 408z\"\/><\/svg>\n        \n        \n        \n            <\/div>\n    \n\n<div class=\"ee-iconbox-content\">\n      <h3 class=\"ee-iconbox-title bde-h3\" >Onde Estamos<\/h3>\n        <div class=\"ee-iconbox-text\" >Chibuto, Gaza, Mo\u00e7ambique<\/div>\n                \n    \n    \n    \n    \n            \n            <button type=\"button\" class=\"button-atom button-atom--primary ee-iconbox-button\"  >\n    \n        <span class=\"button-atom__text\">Encontre-nos<\/span>\n\n        \n        \n            <\/button>\n    \n\n  <\/div>\n\n<\/div><div class=\"bde-icon-box-119-121 bde-icon-box\">\n\n    \n            <div class=\"ee-iconbox-icon breakdance-icon-atom\" >\n    \n                    <svg xmlns=\"http:\/\/www.w3.org\/2000\/svg\" viewBox=\"0 0 640 640\"><!--! Font Awesome Pro 7.2.0 by @fontawesome - https:\/\/fontawesome.com License - https:\/\/fontawesome.com\/license (Commercial License) Copyright 2026 Fonticons, Inc. --><path fill=\"currentColor\" d=\"M224.2 89C216.3 70.1 195.7 60.1 176.1 65.4L170.6 66.9C106 84.5 50.8 147.1 66.9 223.3C104 398.3 241.7 536 416.7 573.1C493 589.3 555.5 534 573.1 469.4L574.6 463.9C580 444.2 569.9 423.6 551.1 415.8L453.8 375.3C437.3 368.4 418.2 373.2 406.8 387.1L368.2 434.3C297.9 399.4 241.3 341 208.8 269.3L253 233.3C266.9 222 271.6 202.9 264.8 186.3L224.2 89z\"\/><\/svg>\n        \n        \n        \n            <\/div>\n    \n\n<div class=\"ee-iconbox-content\">\n      <h3 class=\"ee-iconbox-title bde-h3\" >Telefone<\/h3>\n        <div class=\"ee-iconbox-text\" >(+258) 20 607 210<\/div>\n                \n    \n    \n    \n    \n            \n            <button type=\"button\" class=\"button-atom button-atom--primary ee-iconbox-button\"  >\n    \n        <span class=\"button-atom__text\">Ligue-nos<\/span>\n\n        \n        \n            <\/button>\n    \n\n  <\/div>\n\n<\/div><div class=\"bde-icon-box-119-122 bde-icon-box\">\n\n    \n            <div class=\"ee-iconbox-icon breakdance-icon-atom\" >\n    \n                    <svg xmlns=\"http:\/\/www.w3.org\/2000\/svg\" viewBox=\"0 0 640 640\"><!--! Font Awesome Pro 7.2.0 by @fontawesome - https:\/\/fontawesome.com License - https:\/\/fontawesome.com\/license (Commercial License) Copyright 2026 Fonticons, Inc. --><path fill=\"currentColor\" d=\"M112 128C85.5 128 64 149.5 64 176C64 191.1 71.1 205.3 83.2 214.4L291.2 370.4C308.3 383.2 331.7 383.2 348.8 370.4L556.8 214.4C568.9 205.3 576 191.1 576 176C576 149.5 554.5 128 528 128L112 128zM64 260L64 448C64 483.3 92.7 512 128 512L512 512C547.3 512 576 483.3 576 448L576 260L377.6 408.8C343.5 434.4 296.5 434.4 262.4 408.8L64 260z\"\/><\/svg>\n        \n        \n        \n            <\/div>\n    \n\n<div class=\"ee-iconbox-content\">\n      <h3 class=\"ee-iconbox-title bde-h3\" >E-mail<\/h3>\n        <div class=\"ee-iconbox-text\" >csc@centralsolarchibuto.co.mz<\/div>\n                \n    \n    \n    \n    \n            \n            <button type=\"button\" class=\"button-atom button-atom--primary ee-iconbox-button\"  >\n    \n        <span class=\"button-atom__text\">Envie um E-mail<\/span>\n\n        \n        \n            <\/button>\n    \n\n  <\/div>\n\n<\/div><\/div>\n<\/section><section class=\"bde-section-119-129 bde-section\">\n  \n  \n\t\n\n\n\n<div class=\"section-container\"><div class=\"bde-google-map-119-130 bde-google-map\">\r\n<iframe width=\"100%\" height=\"100%\" style=\"border:0\" loading=\"lazy\" title=\"Map\" src=\"https:\/\/maps.google.com\/maps?q=Chibuto&t=m&z=14&output=embed&iwloc=near\" allowfullscreen><\/iframe>\n<\/div><\/div>\n<\/section>","protected":false},"excerpt":{"rendered":"<p>Contactos CSC Entre em Contacto Quer saber mais sobre o Projecto da Central Solar de Chibuto ou firmar uma parceria estrat\u00e9gica? Preencha o formul\u00e1rio ou contactos atrav\u00e9s dos nossos pontos de contacto abaixo. Name* E-mail* Telefone Mensagem* Enviar mensagem Onde Estamos Chibuto, Gaza, Mo\u00e7ambique Encontre-nos Telefone (+258) 20 607 210 Ligue-nos E-mail csc@centralsolarchibuto.co.mz Envie um [&hellip;]<\/p>\n","protected":false},"author":1,"featured_media":0,"parent":0,"menu_order":0,"comment_status":"closed","ping_status":"closed","template":"","meta":{"inline_featured_image":false,"_breakdance_hide_in_design_set":false,"_breakdance_tags":"","footnotes":""},"class_list":["post-119","page","type-page","status-publish","hentry"],"_links":{"self":[{"href":"https:\/\/centralsolarchibuto.co.mz\/en\/wp-json\/wp\/v2\/pages\/119","targetHints":{"allow":["GET"]}}],"collection":[{"href":"https:\/\/centralsolarchibuto.co.mz\/en\/wp-json\/wp\/v2\/pages"}],"about":[{"href":"https:\/\/centralsolarchibuto.co.mz\/en\/wp-json\/wp\/v2\/types\/page"}],"author":[{"embeddable":true,"href":"https:\/\/centralsolarchibuto.co.mz\/en\/wp-json\/wp\/v2\/users\/1"}],"replies":[{"embeddable":true,"href":"https:\/\/centralsolarchibuto.co.mz\/en\/wp-json\/wp\/v2\/comments?post=119"}],"version-history":[{"count":16,"href":"https:\/\/centralsolarchibuto.co.mz\/en\/wp-json\/wp\/v2\/pages\/119\/revisions"}],"predecessor-version":[{"id":260,"href":"https:\/\/centralsolarchibuto.co.mz\/en\/wp-json\/wp\/v2\/pages\/119\/revisions\/260"}],"wp:attachment":[{"href":"https:\/\/centralsolarchibuto.co.mz\/en\/wp-json\/wp\/v2\/media?parent=119"}],"curies":[{"name":"wp","href":"https:\/\/api.w.org\/{rel}","templated":true}]}}